{"id":3069,"date":"2019-08-20T22:17:53","date_gmt":"2019-08-20T20:17:53","guid":{"rendered":"https:\/\/360grad.it\/?page_id=3069"},"modified":"2019-09-22T15:24:32","modified_gmt":"2019-09-22T13:24:32","slug":"impressum","status":"publish","type":"page","link":"https:\/\/360grad.it\/vi\/ueber-uns\/impressum\/","title":{"rendered":"Impressum"},"content":{"rendered":"<div data-elementor-type=\"wp-post\" data-elementor-id=\"3069\" class=\"elementor elementor-3069\">\n\t\t\t\t\t\t<div class=\"elementor-inner\">\n\t\t\t\t<div class=\"elementor-section-wrap\">\n\t\t\t\t\t\t\t\t\t<section class=\"elementor-section elementor-top-section elementor-element elementor-element-f0336f9 elementor-section-boxed elementor-section-height-default elementor-section-height-default\" data-id=\"f0336f9\" data-element_type=\"section\" data-settings=\"{&quot;background_background&quot;:&quot;classic&quot;}\">\n\t\t\t\t\t\t<div class=\"elementor-container elementor-column-gap-default\">\n\t\t\t\t\t\t\t<div class=\"elementor-row\">\n\t\t\t\t\t<div class=\"elementor-column elementor-col-100 elementor-top-column elementor-element elementor-element-e9347db\" data-id=\"e9347db\" data-element_type=\"column\">\n\t\t\t<div class=\"elementor-column-wrap elementor-element-populated\">\n\t\t\t\t\t\t\t<div class=\"elementor-widget-wrap\">\n\t\t\t\t\t\t<div class=\"elementor-element elementor-element-522e809 elementor-widget elementor-widget-heading\" data-id=\"522e809\" data-element_type=\"widget\" data-widget_type=\"heading.default\">\n\t\t\t\t<div class=\"elementor-widget-container\">\n\t\t\t<h2 class=\"elementor-heading-title elementor-size-default\">Impressum<\/h2>\t\t<\/div>\n\t\t\t\t<\/div>\n\t\t\t\t\t\t<\/div>\n\t\t\t\t\t<\/div>\n\t\t<\/div>\n\t\t\t\t\t\t\t\t<\/div>\n\t\t\t\t\t<\/div>\n\t\t<\/section>\n\t\t\t\t<section class=\"elementor-section elementor-top-section elementor-element elementor-element-b51b827 elementor-section-boxed elementor-section-height-default elementor-section-height-default\" data-id=\"b51b827\" data-element_type=\"section\">\n\t\t\t\t\t\t<div class=\"elementor-container elementor-column-gap-default\">\n\t\t\t\t\t\t\t<div class=\"elementor-row\">\n\t\t\t\t\t<div class=\"elementor-column elementor-col-100 elementor-top-column elementor-element elementor-element-fa9b9ec\" data-id=\"fa9b9ec\" data-element_type=\"column\">\n\t\t\t<div class=\"elementor-column-wrap elementor-element-populated\">\n\t\t\t\t\t\t\t<div class=\"elementor-widget-wrap\">\n\t\t\t\t\t\t<div class=\"elementor-element elementor-element-cc6b8f0 elementor-widget elementor-widget-spacer\" data-id=\"cc6b8f0\" data-element_type=\"widget\" data-widget_type=\"spacer.default\">\n\t\t\t\t<div class=\"elementor-widget-container\">\n\t\t\t\t\t<div class=\"elementor-spacer\">\n\t\t\t<div class=\"elementor-spacer-inner\"><\/div>\n\t\t<\/div>\n\t\t\t\t<\/div>\n\t\t\t\t<\/div>\n\t\t\t\t\t\t<\/div>\n\t\t\t\t\t<\/div>\n\t\t<\/div>\n\t\t\t\t\t\t\t\t<\/div>\n\t\t\t\t\t<\/div>\n\t\t<\/section>\n\t\t\t\t<section class=\"elementor-section elementor-top-section elementor-element elementor-element-09fd7fc elementor-section-boxed elementor-section-height-default elementor-section-height-default\" data-id=\"09fd7fc\" data-element_type=\"section\">\n\t\t\t\t\t\t<div class=\"elementor-container elementor-column-gap-default\">\n\t\t\t\t\t\t\t<div class=\"elementor-row\">\n\t\t\t\t\t<div class=\"elementor-column elementor-col-50 elementor-top-column elementor-element elementor-element-cfc6576\" data-id=\"cfc6576\" data-element_type=\"column\">\n\t\t\t<div class=\"elementor-column-wrap elementor-element-populated\">\n\t\t\t\t\t\t\t<div class=\"elementor-widget-wrap\">\n\t\t\t\t\t\t<div class=\"elementor-element elementor-element-09c6288 elementor-widget elementor-widget-uael-advanced-heading\" data-id=\"09c6288\" data-element_type=\"widget\" data-widget_type=\"uael-advanced-heading.default\">\n\t\t\t\t<div class=\"elementor-widget-container\">\n\t\t\t\r\n\t\t<div class=\"uael-module-content uael-heading-wrapper\">\r\n\t\t\t\t\t\t\r\n\t\t\t<h2 class=\"uael-heading\">\r\n\t\t\t\t\t\t\t\t\t\t<span class=\"uael-heading-text elementor-inline-editing uael-size--default\" data-elementor-setting-key=\"heading_title\" data-elementor-inline-editing-toolbar=\"basic\">Impressum<\/span>\r\n\t\t\t\t\t\t\t<\/h2>\r\n\r\n\t\t\t\r\n\t\t\t\r\n\t\t\t\t\t\t\t<div class=\"uael-subheading elementor-inline-editing\" data-elementor-setting-key=\"heading_description\" data-elementor-inline-editing-toolbar=\"advanced\" >\r\n\t\t\t\t\t<p>Angaben gem\u00e4\u00df \u00a7 5 TMG<br>360\u00b0IT<br>Halle 2 - R208<br>Herzberg Str. 128-139<br>10365 Berlin<\/p><p>Tel. +49 (0)30 - 89568366<br>Fax: +49 (0)30 - 89750211<br>M@il: info@360grad.it<br>Web: www.360grad.it<\/p><p>Gesch\u00e4ftsf\u00fchrer<b><br><\/b>Anh Duc Le<span style=\"font-size: 14px\"><\/span><\/p>\t\t\t\t<\/div>\r\n\t\t\t\t\r\n\t\t\t\t\t\t<\/div>\r\n\t\t\t\t<\/div>\n\t\t\t\t<\/div>\n\t\t\t\t\t\t<\/div>\n\t\t\t\t\t<\/div>\n\t\t<\/div>\n\t\t\t\t<div class=\"elementor-column elementor-col-50 elementor-top-column elementor-element elementor-element-23e3624\" data-id=\"23e3624\" data-element_type=\"column\">\n\t\t\t<div class=\"elementor-column-wrap elementor-element-populated\">\n\t\t\t\t\t\t\t<div class=\"elementor-widget-wrap\">\n\t\t\t\t\t\t<div class=\"elementor-element elementor-element-5e4a972 elementor-widget elementor-widget-text-editor\" data-id=\"5e4a972\" data-element_type=\"widget\" data-widget_type=\"text-editor.default\">\n\t\t\t\t<div class=\"elementor-widget-container\">\n\t\t\t\t\t\t\t\t<div class=\"elementor-text-editor elementor-clearfix\">\n\t\t\t\t<p><span style=\"font-size: 14px;\">Umsatzsteuer-Identifikationsnummer gem\u00e4\u00df \u00a7 27 a Umsatzsteuergesetz:<\/span><\/p><p>Steuer Nr. : 32\/414\/00699<br \/>USt-IdNr. : DE291229791<\/p><p>Zust\u00e4ndige Beh\u00f6rden:<br \/>Finanzamt Lichtenberg<br \/>Josef-Orlopp-Str. 62<br \/>10365 Berlin<\/p><p>Registergericht: Amtsgericht Charlottenburg<br \/>Registernummer: HRBXXXX<\/p><p>Verantwortlich f\u00fcr den Inhalt nach \u00a7 55 Abs. 2 RStV:<br \/>Author: webmaster@360grad.it<\/p>\t\t\t\t\t<\/div>\n\t\t\t\t\t\t<\/div>\n\t\t\t\t<\/div>\n\t\t\t\t\t\t<\/div>\n\t\t\t\t\t<\/div>\n\t\t<\/div>\n\t\t\t\t\t\t\t\t<\/div>\n\t\t\t\t\t<\/div>\n\t\t<\/section>\n\t\t\t\t<section class=\"elementor-section elementor-top-section elementor-element elementor-element-d55da21 elementor-section-boxed elementor-section-height-default elementor-section-height-default\" data-id=\"d55da21\" data-element_type=\"section\">\n\t\t\t\t\t\t<div class=\"elementor-container elementor-column-gap-default\">\n\t\t\t\t\t\t\t<div class=\"elementor-row\">\n\t\t\t\t\t<div class=\"elementor-column elementor-col-100 elementor-top-column elementor-element elementor-element-53f21cc\" data-id=\"53f21cc\" data-element_type=\"column\">\n\t\t\t<div class=\"elementor-column-wrap elementor-element-populated\">\n\t\t\t\t\t\t\t<div class=\"elementor-widget-wrap\">\n\t\t\t\t\t\t<div class=\"elementor-element elementor-element-17e87e3 elementor-widget-divider--view-line elementor-widget elementor-widget-divider\" data-id=\"17e87e3\" data-element_type=\"widget\" data-widget_type=\"divider.default\">\n\t\t\t\t<div class=\"elementor-widget-container\">\n\t\t\t\t\t<div class=\"elementor-divider\">\n\t\t\t<span class=\"elementor-divider-separator\">\n\t\t\t\t\t\t<\/span>\n\t\t<\/div>\n\t\t\t\t<\/div>\n\t\t\t\t<\/div>\n\t\t\t\t<div class=\"elementor-element elementor-element-a72de4a elementor-widget elementor-widget-heading\" data-id=\"a72de4a\" data-element_type=\"widget\" data-widget_type=\"heading.default\">\n\t\t\t\t<div class=\"elementor-widget-container\">\n\t\t\t<h2 class=\"elementor-heading-title elementor-size-default\">Haftungsauschuss<\/h2>\t\t<\/div>\n\t\t\t\t<\/div>\n\t\t\t\t<div class=\"elementor-element elementor-element-a471070 elementor-widget elementor-widget-text-editor\" data-id=\"a471070\" data-element_type=\"widget\" data-widget_type=\"text-editor.default\">\n\t\t\t\t<div class=\"elementor-widget-container\">\n\t\t\t\t\t\t\t\t<div class=\"elementor-text-editor elementor-clearfix\">\n\t\t\t\t<p><b>Haftung f\u00fcr Inhalte<br \/><\/b>Als Diensteanbieter sind wir gem\u00e4\u00df \u00a7 7 Abs.1 TMG f\u00fcr eigene Inhalte auf diesen Seiten nach den allgemeinen Gesetzen verantwortlich. Nach \u00a7\u00a7 8 bis 10 TMG sind wir als Diensteanbieter jedoch nicht verpflichtet, \u00fcbermittelte oder gespeicherte fremde Informationen zu \u00fcberwachen oder nach Umst\u00e4nden zu forschen, die auf eine rechtswidrige T\u00e4tigkeit hinweisen. Verpflichtungen zur Entfernung oder Sperrung der Nutzung von Informationen nach den allgemeinen Gesetzen bleiben hiervon unber\u00fchrt. Eine diesbez\u00fcgliche Haftung ist jedoch erst ab dem Zeitpunkt der Kenntnis einer konkreten Rechtsverletzung m\u00f6glich. Bei Bekanntwerden von entsprechenden Rechtsverletzungen werden wir diese Inhalte umgehend entfernen.<\/p><p><b>Haftung f\u00fcr Links<\/b><br \/>Unser Angebot enth\u00e4lt Links zu externen Webseiten Dritter, auf deren Inhalte wir keinen Einfluss haben. Deshalb k\u00f6nnen wir f\u00fcr diese fremden Inhalte auch keine Gew\u00e4hr \u00fcbernehmen. F\u00fcr die Inhalte der verlinkten Seiten ist stets der jeweilige Anbieter oder Betreiber der Seiten verantwortlich. Die verlinkten Seiten wurden zum Zeitpunkt der Verlinkung auf m\u00f6gliche Rechtsverst\u00f6\u00dfe \u00fcberpr\u00fcft. Rechtswidrige Inhalte waren zum Zeitpunkt der Verlinkung nicht erkennbar. Eine permanente inhaltliche Kontrolle der verlinkten Seiten ist jedoch ohne konkrete Anhaltspunkte einer Rechtsverletzung nicht zumutbar. Bei Bekanntwerden von Rechtsverletzungen werden wir derartige Links umgehend entfernen.<\/p><p><b>Urheberrecht<\/b><br \/>Die durch die Seitenbetreiber erstellten Inhalte und Werke auf diesen Seiten unterliegen dem deutschen Urheberrecht. Die Vervielf\u00e4ltigung, Bearbeitung, Verbreitung und jede Art der Verwertung au\u00dferhalb der Grenzen des Urheberrechtes bed\u00fcrfen der schriftlichen Zustimmung des jeweiligen Autors bzw. Erstellers. Downloads und Kopien dieser Seite sind nur f\u00fcr den privaten, nicht kommerziellen Gebrauch gestattet. Soweit die Inhalte auf dieser Seite nicht vom Betreiber erstellt wurden, werden die Urheberrechte Dritter beachtet. Insbesondere werden Inhalte Dritter als solche gekennzeichnet. Sollten Sie trotzdem auf eine Urheberrechtsverletzung aufmerksam werden, bitten wir um einen entsprechenden Hinweis. Bei Bekanntwerden von Rechtsverletzungen werden wir derartige Inhalte umgehend entfernen.<\/p>\t\t\t\t\t<\/div>\n\t\t\t\t\t\t<\/div>\n\t\t\t\t<\/div>\n\t\t\t\t<div class=\"elementor-element elementor-element-bb2d000 elementor-widget-divider--view-line elementor-widget elementor-widget-divider\" data-id=\"bb2d000\" data-element_type=\"widget\" data-widget_type=\"divider.default\">\n\t\t\t\t<div class=\"elementor-widget-container\">\n\t\t\t\t\t<div class=\"elementor-divider\">\n\t\t\t<span class=\"elementor-divider-separator\">\n\t\t\t\t\t\t<\/span>\n\t\t<\/div>\n\t\t\t\t<\/div>\n\t\t\t\t<\/div>\n\t\t\t\t<div class=\"elementor-element elementor-element-9d57d14 elementor-widget elementor-widget-heading\" data-id=\"9d57d14\" data-element_type=\"widget\" data-widget_type=\"heading.default\">\n\t\t\t\t<div class=\"elementor-widget-container\">\n\t\t\t<h2 class=\"elementor-heading-title elementor-size-default\">Copyright &amp; Bilder<\/h2>\t\t<\/div>\n\t\t\t\t<\/div>\n\t\t\t\t<div class=\"elementor-element elementor-element-36e2cf1 elementor-widget elementor-widget-text-editor\" data-id=\"36e2cf1\" data-element_type=\"widget\" data-widget_type=\"text-editor.default\">\n\t\t\t\t<div class=\"elementor-widget-container\">\n\t\t\t\t\t\t\t\t<div class=\"elementor-text-editor elementor-clearfix\">\n\t\t\t\t<p><b>Bilder und Grafiken:<\/b><br \/>Angaben der Quellen f\u00fcr verwendetes Bild- und Grafikmaterial:<br \/><a href=\"https:\/\/unsplash.com\/\">https:\/\/unsplash.com<\/a>;\u00a0<a href=\"https:\/\/www.pexels.com\/\">https:\/\/www.pexels.com<\/a>;\u00a0<a href=\"http:\/\/www.vecteezy.com\/\">http:\/\/www.vecteezy.com<\/a>;\u00a0<a style=\"font-size: 14px; font-style: normal; font-weight: 400; background-color: #ffffff;\" href=\"https:\/\/de.fotolia.com\/\">https:\/\/de.fotolia.com:<\/a><\/p><p><a href=\"http:\/\/www.freepik.com\/\">http:\/\/www.freepik.com:<\/a><br \/><a href=\"https:\/\/www.freepik.com\/fullvector\">@fullvector<\/a><br \/><a href=\"https:\/\/www.freepik.com\/pikisuperstar\">@pikisuperstar<\/a><br \/><a href=\"https:\/\/www.freepik.com\/jcomp\">@jcomp<\/a><br \/><a href=\"https:\/\/www.freepik.com\/freepik\">@freepik<\/a><\/p><p><a href=\"https:\/\/de.fotolia.com\/\">https:\/\/de.fotolia.com:<\/a><br \/>\u00a9 markoaliaksandr \u2013 Fotolia.com<br \/>\u00a9 pressmaster \u2013 Fotolia.com<br \/>\u00a9 blende11.photo \u2013 Fotolia<br \/>\u00a9 Crystal light \u2013 Fotolia.com<br \/>\u00a9 vegefox.com \u2013 Fotolia.com<br \/>\u00a9 seventyfour \u2013 Fotolia.com<br \/>\u00a9 Brian Jackson \u2013 Fotolia.com<br \/>\u00a9 Bojan \u2013 Fotolia.com<br \/>\u00a9 Sikov \u2013 Fm<\/p>\t\t\t\t\t<\/div>\n\t\t\t\t\t\t<\/div>\n\t\t\t\t<\/div>\n\t\t\t\t<div class=\"elementor-element elementor-element-f9edc8f elementor-widget elementor-widget-spacer\" data-id=\"f9edc8f\" data-element_type=\"widget\" data-widget_type=\"spacer.default\">\n\t\t\t\t<div class=\"elementor-widget-container\">\n\t\t\t\t\t<div class=\"elementor-spacer\">\n\t\t\t<div class=\"elementor-spacer-inner\"><\/div>\n\t\t<\/div>\n\t\t\t\t<\/div>\n\t\t\t\t<\/div>\n\t\t\t\t\t\t<\/div>\n\t\t\t\t\t<\/div>\n\t\t<\/div>\n\t\t\t\t\t\t\t\t<\/div>\n\t\t\t\t\t<\/div>\n\t\t<\/section>\n\t\t\t\t\t\t\t\t\t<\/div>\n\t\t\t<\/div>\n\t\t\t\t\t<\/div>\n\t\t<!-- AddThis Advanced Settings generic via filter on the_content --><!-- AddThis Share Buttons generic via filter on the_content -->","protected":false},"excerpt":{"rendered":"<p>Impressum Impressum Angaben gem\u00e4\u00df \u00a7 5 TMG 360\u00b0IT Halle 2 &#8211; R208 Herzberg Str. 128-139 10365 Berlin Tel. +49 (0)30 &#8211; 89568366 Fax: +49 (0)30 &#8211; 89750211 M@il: info@360grad.it Web: www.360grad.it Gesch\u00e4ftsf\u00fchrer Anh Duc Le Umsatzsteuer-Identifikationsnummer gem\u00e4\u00df \u00a7 27 a Umsatzsteuergesetz: Steuer Nr. : 32\/414\/00699 USt-IdNr. : DE291229791 Zust\u00e4ndige Beh\u00f6rden: Finanzamt Lichtenberg Josef-Orlopp-Str. 62 10365 &hellip;<\/p>\n<p class=\"read-more\"> <a class=\"\" href=\"https:\/\/360grad.it\/vi\/ueber-uns\/impressum\/\"> <span class=\"screen-reader-text\">Impressum<\/span> mehr &#8230;<\/a><\/p>\n<p><!-- AddThis Advanced Settings generic via filter on get_the_excerpt --><!-- AddThis Share Buttons generic via filter on get_the_excerpt --><\/p>","protected":false},"author":2,"featured_media":0,"parent":4838,"menu_order":0,"comment_status":"closed","ping_status":"closed","template":"","meta":{"site-sidebar-layout":"no-sidebar","site-content-layout":"page-builder","ast-main-header-display":"","ast-hfb-above-header-display":"","ast-hfb-below-header-display":"","ast-hfb-mobile-header-display":"","site-post-title":"disabled","ast-breadcrumbs-content":"","ast-featured-img":"disabled","footer-sml-layout":"","theme-transparent-header-meta":"default","adv-header-id-meta":"","stick-header-meta":"default","header-above-stick-meta":"","header-main-stick-meta":"","header-below-stick-meta":""},"wf_page_folders":[50],"yoast_head":"<!-- This site is optimized with the Yoast SEO plugin v18.5.1 - https:\/\/yoast.com\/wordpress\/plugins\/seo\/ -->\n<title>Impressum - 360\u00b0IT<\/title>\n<meta name=\"robots\" content=\"index, follow, max-snippet:-1, max-image-preview:large, max-video-preview:-1\" \/>\n<link rel=\"canonical\" href=\"https:\/\/360grad.it\/vi\/ueber-uns\/impressum\/\" \/>\n<meta property=\"og:locale\" content=\"vi_VN\" \/>\n<meta property=\"og:type\" content=\"article\" \/>\n<meta property=\"og:title\" content=\"Impressum - 360\u00b0IT\" \/>\n<meta property=\"og:description\" content=\"Impressum Impressum Angaben gem\u00e4\u00df \u00a7 5 TMG 360\u00b0IT Halle 2 &#8211; R208 Herzberg Str. 128-139 10365 Berlin Tel. +49 (0)30 &#8211; 89568366 Fax: +49 (0)30 &#8211; 89750211 M@il: info@360grad.it Web: www.360grad.it Gesch\u00e4ftsf\u00fchrer Anh Duc Le Umsatzsteuer-Identifikationsnummer gem\u00e4\u00df \u00a7 27 a Umsatzsteuergesetz: Steuer Nr. : 32\/414\/00699 USt-IdNr. : DE291229791 Zust\u00e4ndige Beh\u00f6rden: Finanzamt Lichtenberg Josef-Orlopp-Str. 62 10365 &hellip; Impressum mehr ...\" \/>\n<meta property=\"og:url\" content=\"https:\/\/360grad.it\/vi\/ueber-uns\/impressum\/\" \/>\n<meta property=\"og:site_name\" content=\"360\u00b0IT\" \/>\n<meta property=\"article:modified_time\" content=\"2019-09-22T13:24:32+00:00\" \/>\n<meta name=\"twitter:card\" content=\"summary_large_image\" \/>\n<meta name=\"twitter:label1\" content=\"\u01af\u1edbc t\u00ednh th\u1eddi gian \u0111\u1ecdc\" \/>\n\t<meta name=\"twitter:data1\" content=\"2 ph\u00fat\" \/>\n<script type=\"application\/ld+json\" class=\"yoast-schema-graph\">{\"@context\":\"https:\/\/schema.org\",\"@graph\":[{\"@type\":\"WebSite\",\"@id\":\"https:\/\/360grad.it\/#website\",\"url\":\"https:\/\/360grad.it\/\",\"name\":\"360\u00b0IT\",\"description\":\"More than technology...\",\"potentialAction\":[{\"@type\":\"SearchAction\",\"target\":{\"@type\":\"EntryPoint\",\"urlTemplate\":\"https:\/\/360grad.it\/?s={search_term_string}\"},\"query-input\":\"required name=search_term_string\"}],\"inLanguage\":\"vi\"},{\"@type\":\"WebPage\",\"@id\":\"https:\/\/360grad.it\/ueber-uns\/impressum\/#webpage\",\"url\":\"https:\/\/360grad.it\/ueber-uns\/impressum\/\",\"name\":\"Impressum - 360\u00b0IT\",\"isPartOf\":{\"@id\":\"https:\/\/360grad.it\/#website\"},\"datePublished\":\"2019-08-20T20:17:53+00:00\",\"dateModified\":\"2019-09-22T13:24:32+00:00\",\"breadcrumb\":{\"@id\":\"https:\/\/360grad.it\/ueber-uns\/impressum\/#breadcrumb\"},\"inLanguage\":\"vi\",\"potentialAction\":[{\"@type\":\"ReadAction\",\"target\":[\"https:\/\/360grad.it\/ueber-uns\/impressum\/\"]}]},{\"@type\":\"BreadcrumbList\",\"@id\":\"https:\/\/360grad.it\/ueber-uns\/impressum\/#breadcrumb\",\"itemListElement\":[{\"@type\":\"ListItem\",\"position\":1,\"name\":\"360\u00b0IT\",\"item\":\"https:\/\/360grad.it\/\"},{\"@type\":\"ListItem\",\"position\":2,\"name\":\"\u00dcber uns\",\"item\":\"https:\/\/360grad.it\/ueber-uns\/\"},{\"@type\":\"ListItem\",\"position\":3,\"name\":\"Impressum\"}]}]}<\/script>\n<!-- \/ Yoast SEO plugin. -->","yoast_head_json":{"title":"Impressum - 360\u00b0IT","robots":{"index":"index","follow":"follow","max-snippet":"max-snippet:-1","max-image-preview":"max-image-preview:large","max-video-preview":"max-video-preview:-1"},"canonical":"https:\/\/360grad.it\/vi\/ueber-uns\/impressum\/","og_locale":"vi_VN","og_type":"article","og_title":"Impressum - 360\u00b0IT","og_description":"Impressum Impressum Angaben gem\u00e4\u00df \u00a7 5 TMG 360\u00b0IT Halle 2 &#8211; R208 Herzberg Str. 128-139 10365 Berlin Tel. +49 (0)30 &#8211; 89568366 Fax: +49 (0)30 &#8211; 89750211 M@il: info@360grad.it Web: www.360grad.it Gesch\u00e4ftsf\u00fchrer Anh Duc Le Umsatzsteuer-Identifikationsnummer gem\u00e4\u00df \u00a7 27 a Umsatzsteuergesetz: Steuer Nr. : 32\/414\/00699 USt-IdNr. : DE291229791 Zust\u00e4ndige Beh\u00f6rden: Finanzamt Lichtenberg Josef-Orlopp-Str. 62 10365 &hellip; Impressum mehr ...","og_url":"https:\/\/360grad.it\/vi\/ueber-uns\/impressum\/","og_site_name":"360\u00b0IT","article_modified_time":"2019-09-22T13:24:32+00:00","twitter_card":"summary_large_image","twitter_misc":{"\u01af\u1edbc t\u00ednh th\u1eddi gian \u0111\u1ecdc":"2 ph\u00fat"},"schema":{"@context":"https:\/\/schema.org","@graph":[{"@type":"WebSite","@id":"https:\/\/360grad.it\/#website","url":"https:\/\/360grad.it\/","name":"360\u00b0IT","description":"More than technology...","potentialAction":[{"@type":"SearchAction","target":{"@type":"EntryPoint","urlTemplate":"https:\/\/360grad.it\/?s={search_term_string}"},"query-input":"required name=search_term_string"}],"inLanguage":"vi"},{"@type":"WebPage","@id":"https:\/\/360grad.it\/ueber-uns\/impressum\/#webpage","url":"https:\/\/360grad.it\/ueber-uns\/impressum\/","name":"Impressum - 360\u00b0IT","isPartOf":{"@id":"https:\/\/360grad.it\/#website"},"datePublished":"2019-08-20T20:17:53+00:00","dateModified":"2019-09-22T13:24:32+00:00","breadcrumb":{"@id":"https:\/\/360grad.it\/ueber-uns\/impressum\/#breadcrumb"},"inLanguage":"vi","potentialAction":[{"@type":"ReadAction","target":["https:\/\/360grad.it\/ueber-uns\/impressum\/"]}]},{"@type":"BreadcrumbList","@id":"https:\/\/360grad.it\/ueber-uns\/impressum\/#breadcrumb","itemListElement":[{"@type":"ListItem","position":1,"name":"360\u00b0IT","item":"https:\/\/360grad.it\/"},{"@type":"ListItem","position":2,"name":"\u00dcber uns","item":"https:\/\/360grad.it\/ueber-uns\/"},{"@type":"ListItem","position":3,"name":"Impressum"}]}]}},"uagb_featured_image_src":{"full":false,"thumbnail":false,"medium":false,"medium_large":false,"large":false,"1536x1536":false,"2048x2048":false,"trp-custom-language-flag":false},"uagb_author_info":{"display_name":"Minh Hieu Nguyen","author_link":"https:\/\/360grad.it\/vi\/Neuigkeiten\/author\/hieu\/"},"uagb_comment_info":0,"uagb_excerpt":"Impressum Impressum Angaben gem\u00e4\u00df \u00a7 5 TMG 360\u00b0IT Halle 2 &#8211; R208 Herzberg Str. 128-139 10365 Berlin Tel. +49 (0)30 &#8211; 89568366 Fax: +49 (0)30 &#8211; 89750211 M@il: info@360grad.it Web: www.360grad.it Gesch\u00e4ftsf\u00fchrer Anh Duc Le Umsatzsteuer-Identifikationsnummer gem\u00e4\u00df \u00a7 27 a Umsatzsteuergesetz: Steuer Nr. : 32\/414\/00699 USt-IdNr. : DE291229791 Zust\u00e4ndige Beh\u00f6rden: Finanzamt Lichtenberg Josef-Orlopp-Str. 62 10365&hellip;","_links":{"self":[{"href":"https:\/\/360grad.it\/vi\/wp-json\/wp\/v2\/pages\/3069"}],"collection":[{"href":"https:\/\/360grad.it\/vi\/wp-json\/wp\/v2\/pages"}],"about":[{"href":"https:\/\/360grad.it\/vi\/wp-json\/wp\/v2\/types\/page"}],"author":[{"embeddable":true,"href":"https:\/\/360grad.it\/vi\/wp-json\/wp\/v2\/users\/2"}],"replies":[{"embeddable":true,"href":"https:\/\/360grad.it\/vi\/wp-json\/wp\/v2\/comments?post=3069"}],"version-history":[{"count":26,"href":"https:\/\/360grad.it\/vi\/wp-json\/wp\/v2\/pages\/3069\/revisions"}],"predecessor-version":[{"id":4844,"href":"https:\/\/360grad.it\/vi\/wp-json\/wp\/v2\/pages\/3069\/revisions\/4844"}],"up":[{"embeddable":true,"href":"https:\/\/360grad.it\/vi\/wp-json\/wp\/v2\/pages\/4838"}],"wp:attachment":[{"href":"https:\/\/360grad.it\/vi\/wp-json\/wp\/v2\/media?parent=3069"}],"wp:term":[{"taxonomy":"wf_page_folders","embeddable":true,"href":"https:\/\/360grad.it\/vi\/wp-json\/wp\/v2\/wf_page_folders?post=3069"}],"curies":[{"name":"wp","href":"https:\/\/api.w.org\/{rel}","templated":true}]}}